{"id":215,"date":"2015-06-17T07:16:29","date_gmt":"2015-06-17T10:16:29","guid":{"rendered":"http:\/\/www.adcsapem.com.ar\/NuevaPaginaWeb\/?page_id=215"},"modified":"2021-04-23T11:33:30","modified_gmt":"2021-04-23T14:33:30","slug":"sobre-nosotros","status":"publish","type":"page","link":"https:\/\/www.adcsapem.com.ar\/?page_id=215","title":{"rendered":"Sobre Nosotros"},"content":{"rendered":"<p><a href=\"http:\/\/www.adcsapem.com.ar\/wp-content\/uploads\/2015\/06\/Sin-t\u00edtulo-2-e1441717508879.jpg\"><img loading=\"lazy\" decoding=\"async\" class=\"alignnone  wp-image-1944\" src=\"http:\/\/www.adcsapem.com.ar\/wp-content\/uploads\/2021\/04\/Panoramica.jpg\" alt=\"\" width=\"817\" height=\"195\" \/><\/a><\/p>\n<p>Mediante te Decreto Acuerdo N\u00ba 472\/08 el Estado Provincial dispuso la constituci\u00f3n de la Sociedad con Participaci\u00f3n Estatal Mayoritaria, Aguas de Catamarca S.A.P.E.M. que desde el 1\u00b0 de Abril 2008 se ha hecho cargo de esta prestaci\u00f3n esencial de modo de asegurar en forma general, obligatoria, uniforme y en igualdad de condiciones para todos los usuarios.<br \/>\nHablar de pol\u00edtica de Estado en relaci\u00f3n a los Servicios P\u00fablicos es hablar de cuestiones que trascienden una pol\u00edtica de Gobierno. Una pol\u00edtica de Estado para los servicios p\u00fablicos receptar\u00e1 los caracteres fundamentales de todo servicio p\u00fablico, como son la regularidad, la uniformidad, la generalidad, la universalidad. Nuevas pol\u00edticas de gesti\u00f3n y soluciones tecnol\u00f3gicas adaptadas a la particularidad de cada problema, para alcanzar altos est\u00e1ndares de calidad en la prestaci\u00f3n del servicio de manera de lograr que los beneficios del saneamiento sean una realidad para todos nuestros usuarios.<\/p>\n","protected":false},"excerpt":{"rendered":"<p>Mediante te Decreto Acuerdo N\u00ba 472\/08 el Estado Provincial dispuso la constituci\u00f3n de la Sociedad con Participaci\u00f3n Estatal Mayoritaria, Aguas de Catamarca S.A.P.E.M. que desde el 1\u00b0 de Abril 2008 se ha hecho cargo de esta prestaci\u00f3n esencial de modo de asegurar en forma general, obligatoria, uniforme y en igualdad de condiciones para todos los30<\/p>\n","protected":false},"author":1,"featured_media":0,"parent":0,"menu_order":0,"comment_status":"closed","ping_status":"open","template":"about-us.php","meta":{"footnotes":""},"_links":{"self":[{"href":"https:\/\/www.adcsapem.com.ar\/index.php?rest_route=\/wp\/v2\/pages\/215"}],"collection":[{"href":"https:\/\/www.adcsapem.com.ar\/index.php?rest_route=\/wp\/v2\/pages"}],"about":[{"href":"https:\/\/www.adcsapem.com.ar\/index.php?rest_route=\/wp\/v2\/types\/page"}],"author":[{"embeddable":true,"href":"https:\/\/www.adcsapem.com.ar\/index.php?rest_route=\/wp\/v2\/users\/1"}],"replies":[{"embeddable":true,"href":"https:\/\/www.adcsapem.com.ar\/index.php?rest_route=%2Fwp%2Fv2%2Fcomments&post=215"}],"version-history":[{"count":11,"href":"https:\/\/www.adcsapem.com.ar\/index.php?rest_route=\/wp\/v2\/pages\/215\/revisions"}],"predecessor-version":[{"id":1945,"href":"https:\/\/www.adcsapem.com.ar\/index.php?rest_route=\/wp\/v2\/pages\/215\/revisions\/1945"}],"wp:attachment":[{"href":"https:\/\/www.adcsapem.com.ar\/index.php?rest_route=%2Fwp%2Fv2%2Fmedia&parent=215"}],"curies":[{"name":"wp","href":"https:\/\/api.w.org\/{rel}","templated":true}]}}