{"id":265,"date":"2015-06-30T13:36:48","date_gmt":"2015-06-30T16:36:48","guid":{"rendered":"http:\/\/www.adcsapem.com.ar\/NuevaPaginaWeb\/?page_id=265"},"modified":"2022-06-15T10:10:03","modified_gmt":"2022-06-15T13:10:03","slug":"equipo-de-equipo","status":"publish","type":"page","link":"https:\/\/www.adcsapem.com.ar\/?page_id=265","title":{"rendered":"Equipo de Trabajo"},"content":{"rendered":"<div id=\"box2holder\">\n<div class=\"box2\">\n<h1><\/h1>\n<hr \/>\n<\/div>\n<h1>Nuestro Compromiso<\/h1>\n<div class=\"box2\">\n<p><a>El Gobierno de la Provincia ha decidido recuperar el manejo de la prestaci\u00f3n de los servicios sanitarios en el Valle Central de la Provincia.<br \/>\nPara nosotros estos servicios sanitarios son una misi\u00f3n indelegable de servicio p\u00fablico que no s\u00f3lo consiste en garantizar la producci\u00f3n; distribuci\u00f3n de agua potable y recepci\u00f3n y tratamiento de residuos cloacales las 24 horas de todos los d\u00edas , sino que nuestra misi\u00f3n es garantizar vida con alto grado de responsabilidad, cuidando al mismo tiempo no da\u00f1ar el medio ambiente.<br \/>\nPorque somos hijos de esta tierra, Catamarca, llevamos inserta en nosotros la vocaci\u00f3n de crecimiento sabiendo que desde el 1\u00b0 de Abril hemos asumido un compromiso permanente de entrega y servicio con cada uno de nuestros usuarios que son tambi\u00e9n nuestros hermanos.<br \/>\nCompromiso que se ver\u00e1 cristalizado en nuevas pol\u00edticas de gesti\u00f3n y soluciones tecnol\u00f3gicas adaptadas a la particularidad de cada problema, siempre orientados a alcanzar altos standares de calidad en la prestaci\u00f3n del servicio de manera de lograr que los beneficios del saneamiento sean una realidad para todos nuestros usuarios..<\/a><\/p>\n<\/div>\n<\/div>\n","protected":false},"excerpt":{"rendered":"<p>Nuestro Compromiso El Gobierno de la Provincia ha decidido recuperar el manejo de la prestaci\u00f3n de los servicios sanitarios en el Valle Central de la Provincia. Para nosotros estos servicios sanitarios son una misi\u00f3n indelegable de servicio p\u00fablico que no s\u00f3lo consiste en garantizar la producci\u00f3n; distribuci\u00f3n de agua potable y recepci\u00f3n y tratamiento de30<\/p>\n","protected":false},"author":1,"featured_media":0,"parent":0,"menu_order":0,"comment_status":"closed","ping_status":"open","template":"","meta":{"footnotes":""},"_links":{"self":[{"href":"https:\/\/www.adcsapem.com.ar\/index.php?rest_route=\/wp\/v2\/pages\/265"}],"collection":[{"href":"https:\/\/www.adcsapem.com.ar\/index.php?rest_route=\/wp\/v2\/pages"}],"about":[{"href":"https:\/\/www.adcsapem.com.ar\/index.php?rest_route=\/wp\/v2\/types\/page"}],"author":[{"embeddable":true,"href":"https:\/\/www.adcsapem.com.ar\/index.php?rest_route=\/wp\/v2\/users\/1"}],"replies":[{"embeddable":true,"href":"https:\/\/www.adcsapem.com.ar\/index.php?rest_route=%2Fwp%2Fv2%2Fcomments&post=265"}],"version-history":[{"count":6,"href":"https:\/\/www.adcsapem.com.ar\/index.php?rest_route=\/wp\/v2\/pages\/265\/revisions"}],"predecessor-version":[{"id":2510,"href":"https:\/\/www.adcsapem.com.ar\/index.php?rest_route=\/wp\/v2\/pages\/265\/revisions\/2510"}],"wp:attachment":[{"href":"https:\/\/www.adcsapem.com.ar\/index.php?rest_route=%2Fwp%2Fv2%2Fmedia&parent=265"}],"curies":[{"name":"wp","href":"https:\/\/api.w.org\/{rel}","templated":true}]}}