{"id":271,"date":"2015-06-30T13:59:04","date_gmt":"2015-06-30T16:59:04","guid":{"rendered":"http:\/\/www.adcsapem.com.ar\/NuevaPaginaWeb\/?page_id=271"},"modified":"2016-04-21T07:44:47","modified_gmt":"2016-04-21T10:44:47","slug":"zona-de-concesion","status":"publish","type":"page","link":"https:\/\/www.adcsapem.com.ar\/?page_id=271","title":{"rendered":"Zona de Concesi\u00f3n"},"content":{"rendered":"<h1>Zona de Concesi\u00f3n<\/h1>\n<p><a>Somos la Empresa con Participaci\u00f3n Estatal Mayoritaria, que desde el 1\u00b0 de Abril 2008 tiene la responsabilidad de brindar los Servicios P\u00fablicos de Agua Potable y Desag\u00fces Cloacales en los Departamentos; Capital, Fray Mamerto Esqui\u00fa y Valle Viejo, ubicados en el Valle Central de la Provincia de Catamarca. Rep\u00fablica Argentina.<\/a><\/p>\n<p><a href=\"http:\/\/www.adcsapem.com.ar\/wp-content\/uploads\/2015\/06\/Untitled-1.png\"><img decoding=\"async\" class=\"alignnone size-full wp-image-492\" src=\"http:\/\/www.adcsapem.com.ar\/wp-content\/uploads\/2015\/06\/Untitled-1.png\" alt=\"Untitled-1\" width=\"100%\" \/><\/a><\/p>\n","protected":false},"excerpt":{"rendered":"<p>Zona de Concesi\u00f3n Somos la Empresa con Participaci\u00f3n Estatal Mayoritaria, que desde el 1\u00b0 de Abril 2008 tiene la responsabilidad de brindar los Servicios P\u00fablicos de Agua Potable y Desag\u00fces Cloacales en los Departamentos; Capital, Fray Mamerto Esqui\u00fa y Valle Viejo, ubicados en el Valle Central de la Provincia de Catamarca. Rep\u00fablica Argentina.<\/p>\n","protected":false},"author":1,"featured_media":0,"parent":0,"menu_order":0,"comment_status":"closed","ping_status":"open","template":"","meta":{"footnotes":""},"_links":{"self":[{"href":"https:\/\/www.adcsapem.com.ar\/index.php?rest_route=\/wp\/v2\/pages\/271"}],"collection":[{"href":"https:\/\/www.adcsapem.com.ar\/index.php?rest_route=\/wp\/v2\/pages"}],"about":[{"href":"https:\/\/www.adcsapem.com.ar\/index.php?rest_route=\/wp\/v2\/types\/page"}],"author":[{"embeddable":true,"href":"https:\/\/www.adcsapem.com.ar\/index.php?rest_route=\/wp\/v2\/users\/1"}],"replies":[{"embeddable":true,"href":"https:\/\/www.adcsapem.com.ar\/index.php?rest_route=%2Fwp%2Fv2%2Fcomments&post=271"}],"version-history":[{"count":4,"href":"https:\/\/www.adcsapem.com.ar\/index.php?rest_route=\/wp\/v2\/pages\/271\/revisions"}],"predecessor-version":[{"id":494,"href":"https:\/\/www.adcsapem.com.ar\/index.php?rest_route=\/wp\/v2\/pages\/271\/revisions\/494"}],"wp:attachment":[{"href":"https:\/\/www.adcsapem.com.ar\/index.php?rest_route=%2Fwp%2Fv2%2Fmedia&parent=271"}],"curies":[{"name":"wp","href":"https:\/\/api.w.org\/{rel}","templated":true}]}}