{"id":274,"date":"2015-06-30T14:01:20","date_gmt":"2015-06-30T17:01:20","guid":{"rendered":"http:\/\/www.adcsapem.com.ar\/NuevaPaginaWeb\/?page_id=274"},"modified":"2016-04-21T07:45:28","modified_gmt":"2016-04-21T10:45:28","slug":"politicas-de-seguridad","status":"publish","type":"page","link":"https:\/\/www.adcsapem.com.ar\/?page_id=274","title":{"rendered":"Pol\u00edticas de seguridad"},"content":{"rendered":"<h1><a href=\"http:\/\/www.adcsapem.com.ar\/NuevaPaginaWeb\/wp-content\/uploads\/2015\/06\/seguridad.jpg\"><img loading=\"lazy\" decoding=\"async\" class=\"aligncenter wp-image-275 size-full\" src=\"http:\/\/www.adcsapem.com.ar\/wp-content\/uploads\/2015\/06\/seguridad.jpg\" alt=\"seguridad\" width=\"800\" height=\"500\" \/><\/a><\/h1>\n<h1>Pol\u00edtica de higiene y seguridad<\/h1>\n<p><a>Aguas de Catamarca S.A.P.E.M., Empresa de Servicio dedicada a la provisi\u00f3n de agua potable, colecci\u00f3n y tratamiento de l\u00edquidos cloacales, tiene como pol\u00edtica que todas las actividades que se desarrollen en la misma se efect\u00faen con seguridad, tanto para el personal dependiente como para terceros involucrados, poniendo \u00e9nfasis en la preservaci\u00f3n del Medio Ambiente.<\/a><\/p>\n<p>&nbsp;<\/p>\n<hr \/>\n<p><a><strong>Sus objetivos son:<\/strong><br \/>\n&#8211; Alcanzar y mantener un nivel aceptable en la prestaci\u00f3n de los servicios adoptando acciones preventivas para evitar los accidentes y da\u00f1os al Medio Ambiente.<br \/>\n&#8211; Adoptar el principio de que todos los accidentes pueden ser evitados y que \u00abNing\u00fan Trabajo es m\u00e1s importante que la vida y la salud de las personas\u00bb por lo que se promover\u00e1 entre sus empleados y jefes actividades de capacitaci\u00f3n, concientizaci\u00f3n y la disciplina que requiere la aplicabilidad de este principio.<br \/>\n&#8211; La seguridad es un compromiso de todos los integrantes de la Empresa sin exclusiones y su \u00e9xito redundar\u00e1 en beneficio de la comunidad, el trabajador y su familia. Las Jefaturas en todos sus niveles son responsables de la seguridad y prevenci\u00f3n de accidentes y\/o p\u00e9rdidas, realizando acciones sistem\u00e1ticas de mejoramiento continuo, apuntando a la mejor calidad de vida laboral y a la optimizaci\u00f3n de los recursos disponibles.<\/a><\/p>\n<p><strong>Pol\u00edtica Ambiental:<\/strong><br \/>\nLa pol\u00edtica de nuestra Empresa es la siguiente:<br \/>\n&#8211; Desarrollar nuestras actividades de acuerdo a la leyes vigentes<br \/>\n&#8211; Minimizar el impacto de nuestras actividades en el Medio Ambiente<br \/>\n&#8211; Utilizar adecuadamente nuestros recursos<br \/>\n&#8211; Implementar un Plan de mejora continua para optimizar nuestras actividades<br \/>\n&#8211; Realizar un tratamiento adecuado a todos nuestros residuos<br \/>\n&#8211; Revisar peri\u00f3dicamente objetivos y metas para no afectar el Medio Ambiente.<\/p>\n","protected":false},"excerpt":{"rendered":"<p>Pol\u00edtica de higiene y seguridad Aguas de Catamarca S.A.P.E.M., Empresa de Servicio dedicada a la provisi\u00f3n de agua potable, colecci\u00f3n y tratamiento de l\u00edquidos cloacales, tiene como pol\u00edtica que todas las actividades que se desarrollen en la misma se efect\u00faen con seguridad, tanto para el personal dependiente como para terceros involucrados, poniendo \u00e9nfasis en la30<\/p>\n","protected":false},"author":1,"featured_media":0,"parent":0,"menu_order":0,"comment_status":"closed","ping_status":"open","template":"","meta":{"footnotes":""},"_links":{"self":[{"href":"https:\/\/www.adcsapem.com.ar\/index.php?rest_route=\/wp\/v2\/pages\/274"}],"collection":[{"href":"https:\/\/www.adcsapem.com.ar\/index.php?rest_route=\/wp\/v2\/pages"}],"about":[{"href":"https:\/\/www.adcsapem.com.ar\/index.php?rest_route=\/wp\/v2\/types\/page"}],"author":[{"embeddable":true,"href":"https:\/\/www.adcsapem.com.ar\/index.php?rest_route=\/wp\/v2\/users\/1"}],"replies":[{"embeddable":true,"href":"https:\/\/www.adcsapem.com.ar\/index.php?rest_route=%2Fwp%2Fv2%2Fcomments&post=274"}],"version-history":[{"count":3,"href":"https:\/\/www.adcsapem.com.ar\/index.php?rest_route=\/wp\/v2\/pages\/274\/revisions"}],"predecessor-version":[{"id":407,"href":"https:\/\/www.adcsapem.com.ar\/index.php?rest_route=\/wp\/v2\/pages\/274\/revisions\/407"}],"wp:attachment":[{"href":"https:\/\/www.adcsapem.com.ar\/index.php?rest_route=%2Fwp%2Fv2%2Fmedia&parent=274"}],"curies":[{"name":"wp","href":"https:\/\/api.w.org\/{rel}","templated":true}]}}