{"id":282,"date":"2015-06-30T14:05:56","date_gmt":"2015-06-30T17:05:56","guid":{"rendered":"http:\/\/www.adcsapem.com.ar\/NuevaPaginaWeb\/?page_id=282"},"modified":"2022-02-10T12:50:45","modified_gmt":"2022-02-10T15:50:45","slug":"laboratorio","status":"publish","type":"page","link":"https:\/\/www.adcsapem.com.ar\/?page_id=282","title":{"rendered":"Laboratorio"},"content":{"rendered":"<h1>Monitoreo continuo<\/h1>\n<p><img loading=\"lazy\" decoding=\"async\" class=\"alignnone  wp-image-2254\" src=\"http:\/\/www.adcsapem.com.ar\/wp-content\/uploads\/2022\/02\/DSC_0345.jpg\" alt=\"\" width=\"679\" height=\"452\" \/><\/p>\n<p><b>\u00a0<\/b>El Departamento Laboratorio de Control de Calidad, cumple con los requisitos exigidos, para el Sistema de Gesti\u00f3n de la Calidad -ISO 9001:2015-, para <em>\u201cPlanificaci\u00f3n, toma de muestra y an\u00e1lisis Tipo I de agua potable, consistente en an\u00e1lisis b\u00e1sicos al suministro p\u00fablico que comprenden componentes microbiol\u00f3gicos (coliformes totales y escherichia coli) y componentes f\u00edsicos-qu\u00edmicos (turbiedad, PH y cloro residual libre)\u201d<\/em>.<\/p>\n<p><img loading=\"lazy\" decoding=\"async\" class=\"alignnone  wp-image-2257\" src=\"http:\/\/www.adcsapem.com.ar\/wp-content\/uploads\/2022\/02\/DSC_0348.jpg\" alt=\"\" width=\"568\" height=\"378\" \/><\/p>\n<p>El trabajo de certificar, mantener y fortalecer el proceso certificado, garantizan el control del suministro que se consume en los departamentos Capital, Valle Viejo y Fray Mamerto Esqui\u00fa.<\/p>\n<p>Dicha normativa exige planear, controlar y mejorar la capacitaci\u00f3n del recurso humano, insumos, equipos de medici\u00f3n, como as\u00ed tambi\u00e9n la toma de muestras y el riguroso control f\u00edsico, qu\u00edmico y microbiol\u00f3gico de diferentes puntos cr\u00edticos a lo largo de la l\u00ednea de producci\u00f3n:<\/p>\n<p>&nbsp;<\/p>\n<ul>\n<li>Fuentes superficiales. Plantas potabilizadoras.<\/li>\n<li>Fuentes subterr\u00e1neas. Perforaciones.<\/li>\n<li>Reservas. Cisternas.<\/li>\n<li>Impulsiones. Rebombeos.<\/li>\n<li>Puntos en la red de distribuci\u00f3n.<\/li>\n<\/ul>\n<p><img loading=\"lazy\" decoding=\"async\" class=\"alignnone  wp-image-2255\" src=\"http:\/\/www.adcsapem.com.ar\/wp-content\/uploads\/2022\/02\/DSC_0308.jpg\" alt=\"\" width=\"626\" height=\"417\" \/><\/p>\n<p>De esta manera, se mantiene un estricto control de la aptitud del recurso alimenticio y de uso dom\u00e9stico, desde la matar\u00eda prima hasta el ingreso de los usuarios.<\/p>\n<p>Referencias:<\/p>\n<ul>\n<li>Contrato de concesi\u00f3n de la empresa.<\/li>\n<li>C\u00f3digo alimentario Argentino. Capitulo XII. Art. 982.<\/li>\n<li>IRAM. Certificado de registro N\u00b0 9000-6708.<\/li>\n<\/ul>\n<p><img loading=\"lazy\" decoding=\"async\" class=\"alignnone  wp-image-2258\" src=\"http:\/\/www.adcsapem.com.ar\/wp-content\/uploads\/2022\/02\/DSC_0323.jpg\" alt=\"\" width=\"601\" height=\"400\" \/><\/p>\n","protected":false},"excerpt":{"rendered":"<p>Monitoreo continuo \u00a0El Departamento Laboratorio de Control de Calidad, cumple con los requisitos exigidos, para el Sistema de Gesti\u00f3n de la Calidad -ISO 9001:2015-, para \u201cPlanificaci\u00f3n, toma de muestra y an\u00e1lisis Tipo I de agua potable, consistente en an\u00e1lisis b\u00e1sicos al suministro p\u00fablico que comprenden componentes microbiol\u00f3gicos (coliformes totales y escherichia coli) y componentes f\u00edsicos-qu\u00edmicos30<\/p>\n","protected":false},"author":1,"featured_media":0,"parent":0,"menu_order":0,"comment_status":"closed","ping_status":"open","template":"","meta":{"footnotes":""},"_links":{"self":[{"href":"https:\/\/www.adcsapem.com.ar\/index.php?rest_route=\/wp\/v2\/pages\/282"}],"collection":[{"href":"https:\/\/www.adcsapem.com.ar\/index.php?rest_route=\/wp\/v2\/pages"}],"about":[{"href":"https:\/\/www.adcsapem.com.ar\/index.php?rest_route=\/wp\/v2\/types\/page"}],"author":[{"embeddable":true,"href":"https:\/\/www.adcsapem.com.ar\/index.php?rest_route=\/wp\/v2\/users\/1"}],"replies":[{"embeddable":true,"href":"https:\/\/www.adcsapem.com.ar\/index.php?rest_route=%2Fwp%2Fv2%2Fcomments&post=282"}],"version-history":[{"count":5,"href":"https:\/\/www.adcsapem.com.ar\/index.php?rest_route=\/wp\/v2\/pages\/282\/revisions"}],"predecessor-version":[{"id":2259,"href":"https:\/\/www.adcsapem.com.ar\/index.php?rest_route=\/wp\/v2\/pages\/282\/revisions\/2259"}],"wp:attachment":[{"href":"https:\/\/www.adcsapem.com.ar\/index.php?rest_route=%2Fwp%2Fv2%2Fmedia&parent=282"}],"curies":[{"name":"wp","href":"https:\/\/api.w.org\/{rel}","templated":true}]}}