{"id":285,"date":"2015-06-30T14:07:59","date_gmt":"2015-06-30T17:07:59","guid":{"rendered":"http:\/\/www.adcsapem.com.ar\/NuevaPaginaWeb\/?page_id=285"},"modified":"2016-04-21T07:45:27","modified_gmt":"2016-04-21T10:45:27","slug":"el-proceso-del-agua","status":"publish","type":"page","link":"https:\/\/www.adcsapem.com.ar\/?page_id=285","title":{"rendered":"El Proceso del Agua"},"content":{"rendered":"<p><strong>ESTE ES EL CICLO DEL AGUA<\/strong><\/p>\n<p><a>El agua existe en la Tierra <\/a><a>en tres estados: s\u00f3lido (hielo, nieve), l\u00edquido y gas (vapor de agua). Oc\u00e9anos, r\u00edos, nubes y lluvia est\u00e1n en constante cambio: el agua de la superficie se evapora, el agua de las nubes precipita, la lluvia se filtra por la tierra, etc. Sin embargo, <strong>la cantidad total de agua en el planeta no cambia<\/strong>. La circulaci\u00f3n y conservaci\u00f3n de agua en la Tierra se llama ciclo hidrol\u00f3gico, o ciclo del agua.<br \/>\n<\/a><\/p>\n<p><em><a href=\"http:\/\/www.adcsapem.com.ar\/wp-content\/uploads\/2015\/06\/ciclo_agua1.jpg\"><img loading=\"lazy\" decoding=\"async\" class=\"aligncenter size-full wp-image-286\" src=\"http:\/\/www.adcsapem.com.ar\/wp-content\/uploads\/2015\/06\/ciclo_agua1.jpg\" alt=\"ciclo_agua\" width=\"470\" height=\"275\" \/><\/a><\/em><\/p>\n<blockquote><p><a><br \/>\nEl ciclo hidrol\u00f3gico comienza con la evaporaci\u00f3n del agua desde la superficie del oc\u00e9ano. A medida que se eleva, el aire humedecido se enfr\u00eda y el vapor se transforma en agua: es la condensaci\u00f3n. Las gotas se juntan y forman una nube. Luego, caen por su propio peso: es la precipitaci\u00f3n. Si en la atm\u00f3sfera hace mucho fr\u00edo, el agua cae como nieve o granizo. Si es m\u00e1s c\u00e1lida, caer\u00e1n gotas de lluvia.<\/a><\/p>\n<p><a><br \/>\nUna parte del agua que llega a la tierra ser\u00e1 aprovechada por los seres vivos; otra escurrir\u00e1 por el terreno hasta llegar a un r\u00edo, un lago o el oc\u00e9ano. A este fen\u00f3meno se le conoce como escorrent\u00eda. Otro poco del agua se filtrar\u00e1 a trav\u00e9s del suelo, formando capas de agua subterr\u00e1nea. Este proceso es la percolaci\u00f3n. M\u00e1s tarde o m\u00e1s temprano, toda esta agua volver\u00e1 nuevamente a la atm\u00f3sfera, debido principalmente a la evaporaci\u00f3n.<\/a><\/p>\n<p><a><br \/>\nAl evaporarse, el agua deja atr\u00e1s todos los elementos que la contaminan o la hacen no apta para beber (sales minerales, qu\u00edmicos, desechos). Por eso el ciclo del agua nos entrega un elemento puro. Pero hay otro proceso que tambi\u00e9n purifica el agua, y es parte del ciclo: la transpiraci\u00f3n de las plantas.<br \/>\nLas ra\u00edces de las plantas absorben el agua, la cual se desplaza hacia arriba a trav\u00e9s de los tallos o troncos, movilizando consigo a los elementos que necesita la planta para nutrirse. Al llegar a las hojas y flores, se evapora hacia el aire en forma de vapor de agua. Este fen\u00f3meno es la transpiraci\u00f3n.<\/a><\/p><\/blockquote>\n","protected":false},"excerpt":{"rendered":"<p>ESTE ES EL CICLO DEL AGUA El agua existe en la Tierra en tres estados: s\u00f3lido (hielo, nieve), l\u00edquido y gas (vapor de agua). Oc\u00e9anos, r\u00edos, nubes y lluvia est\u00e1n en constante cambio: el agua de la superficie se evapora, el agua de las nubes precipita, la lluvia se filtra por la tierra, etc. Sin30<\/p>\n","protected":false},"author":1,"featured_media":0,"parent":0,"menu_order":0,"comment_status":"closed","ping_status":"open","template":"","meta":{"footnotes":""},"_links":{"self":[{"href":"https:\/\/www.adcsapem.com.ar\/index.php?rest_route=\/wp\/v2\/pages\/285"}],"collection":[{"href":"https:\/\/www.adcsapem.com.ar\/index.php?rest_route=\/wp\/v2\/pages"}],"about":[{"href":"https:\/\/www.adcsapem.com.ar\/index.php?rest_route=\/wp\/v2\/types\/page"}],"author":[{"embeddable":true,"href":"https:\/\/www.adcsapem.com.ar\/index.php?rest_route=\/wp\/v2\/users\/1"}],"replies":[{"embeddable":true,"href":"https:\/\/www.adcsapem.com.ar\/index.php?rest_route=%2Fwp%2Fv2%2Fcomments&post=285"}],"version-history":[{"count":4,"href":"https:\/\/www.adcsapem.com.ar\/index.php?rest_route=\/wp\/v2\/pages\/285\/revisions"}],"predecessor-version":[{"id":402,"href":"https:\/\/www.adcsapem.com.ar\/index.php?rest_route=\/wp\/v2\/pages\/285\/revisions\/402"}],"wp:attachment":[{"href":"https:\/\/www.adcsapem.com.ar\/index.php?rest_route=%2Fwp%2Fv2%2Fmedia&parent=285"}],"curies":[{"name":"wp","href":"https:\/\/api.w.org\/{rel}","templated":true}]}}