{"id":290,"date":"2015-06-30T20:06:33","date_gmt":"2015-06-30T23:06:33","guid":{"rendered":"http:\/\/www.adcsapem.com.ar\/NuevaPaginaWeb\/?page_id=290"},"modified":"2020-02-06T10:19:36","modified_gmt":"2020-02-06T13:19:36","slug":"consejos-utiles","status":"publish","type":"page","link":"https:\/\/www.adcsapem.com.ar\/?page_id=290","title":{"rendered":"Consejos \u00datiles"},"content":{"rendered":"<p>Cuidar el agua es responsabilidad de todos, por eso te invitamos a que atiendas las siguientes recomendaciones para un mejor uso y aprovechamiento del vital liquido. Adem\u00e1s estos consejos te pueden ser de utilidad no s\u00f3lo para el cuidado del agua, sino tambi\u00e9n del medio ambiente y la econom\u00eda familiar.<\/p>\n<p>&nbsp;<\/p>\n<p><strong>Recomendaciones<\/strong><\/p>\n<p><strong>Sanitario<\/strong><\/p>\n<ul>\n<li>Revisar peri\u00f3dicamente que el flotador est\u00e9 funcionando correctamente, que el agua no se fugue por el rebosadero y que la tapa o cono sellen bien.<\/li>\n<li>Instale sanitarios de bajo consumo.<\/li>\n<li>No use el sanitario como basurero, ni como dep\u00f3sito de pa\u00f1ales o toallas sanitarias.<\/li>\n<li>Ponga dentro del tanque un ladrillo, una bolsa de pl\u00e1stico o una botella.<\/li>\n<\/ul>\n<p><img loading=\"lazy\" decoding=\"async\" class=\"alignnone  wp-image-1382\" src=\"http:\/\/www.adcsapem.com.ar\/wp-content\/uploads\/2020\/02\/Sanitario.jpg\" alt=\"\" width=\"473\" height=\"355\" \/><\/p>\n<p>&nbsp;<\/p>\n<p><strong>Fugas<\/strong><\/p>\n<ul>\n<li>Una fuga en el sanitario equivale a una p\u00e9rdida de agua desde 100 a 1,000 litros diarios<em>.<\/em><\/li>\n<li>Revise los empaques de sus llaves al menos 2 veces por a\u00f1o, si lo necesitan o tiran agua c\u00e1mbielos. Recuerde una fuga de agua es fuga de dinero tambi\u00e9n.<\/li>\n<li>Coloque un poco de colorante vegetal en el tanque del sanitario; si esta agua ya con color pasa a la taza sin jalar la palanca, significa que hay fuga, rep\u00e1rela.<\/li>\n<li>Arregle toda fuga de agua inmediatamente y reporte las que encuentre en la calle.<\/li>\n<\/ul>\n<p><img loading=\"lazy\" decoding=\"async\" class=\"alignnone  wp-image-1383\" src=\"http:\/\/www.adcsapem.com.ar\/wp-content\/uploads\/2020\/02\/fuga-de-agua-en-casa.jpg\" alt=\"\" width=\"569\" height=\"320\" \/><\/p>\n<p><strong>Limpieza personal<\/strong><\/p>\n<ul>\n<li>Tome su ba\u00f1o diario de 5 a 10 minutos m\u00e1ximo y cierre la llave mientras se enjabona.<\/li>\n<li>Usar regaderas de bajo consumo (9-15 litros\/min.) comparada con una regadera convencional (26-30 litros\/min.) ahorrar\u00e1 casi el 60% de consumo de agua y dinero.<\/li>\n<li>Si le es posible junte el agua en una tina mientras sale el agua caliente, esta la puede reutilizar para sus plantas o el sanitario.<\/li>\n<li>Al lavarse los dientes use un vaso de agua, con esto ahorrar\u00e1 hasta 40 litros en cada ocasi\u00f3n.<br \/>\nAl afeitarse llene el lavabo con agua y enjuague ah\u00ed su rastrillo.<\/li>\n<\/ul>\n<p>&nbsp;<\/p>\n<div id=\"attachment_1384\" style=\"width: 530px\" class=\"wp-caption alignnone\"><img loading=\"lazy\" decoding=\"async\" aria-describedby=\"caption-attachment-1384\" class=\" wp-image-1384\" src=\"http:\/\/www.adcsapem.com.ar\/wp-content\/uploads\/2020\/02\/la-importancia-de-la-higiene-personal-manos.jpg\" alt=\"\" width=\"520\" height=\"335\" \/><p id=\"caption-attachment-1384\" class=\"wp-caption-text\">\u00a0<\/p><\/div>\n<p><strong>Jard\u00edn y plantas<\/strong><\/p>\n<ul>\n<li>Seleccione plantas de la regi\u00f3n, ya que consumen menos agua y son de ra\u00edces profundas.<\/li>\n<li>El riego de plantas y jardines h\u00e1galo despu\u00e9s de las 8:00 p.m. as\u00ed gastar\u00e1 menos agua ya que retienen mayor humedad.<\/li>\n<li>Riegue el jard\u00edn una vez por semana y con agua de reuso, como la utilizada para enjuagar la ropa, etc.<\/li>\n<\/ul>\n<p><img loading=\"lazy\" decoding=\"async\" class=\"alignnone  wp-image-1385\" src=\"http:\/\/www.adcsapem.com.ar\/wp-content\/uploads\/2020\/02\/regar-plantas-668x400x80xX.jpg\" alt=\"\" width=\"531\" height=\"318\" \/><\/p>\n<p>&nbsp;<\/p>\n<p><strong>Limpieza en casa<\/strong><\/p>\n<ul>\n<li>Enjabone sus platos en una sola tanda no de uno en uno as\u00ed ahorrar\u00e1 hasta 25 litros de agua por enjuague.<\/li>\n<li>Retire los restos de comida y grasas antes de lavar sus trastes as\u00ed emplear\u00e1 menos tiempo en esta actividad y ahorrar\u00e1 m\u00e1s agua. No los quite a chorro de agua.<\/li>\n<li>Evite arrojar aceite o grasas al resumidero, ello ocasiona taponamientos y costosas reparaciones.<\/li>\n<li>Utilice jabones y limpiadores amigables con el medio ambiente y de preferencia \u00faselos en baja cantidad con agua, evite aplicarlos de forma directa.<\/li>\n<li>Barra el frente de su casa con escoba, y recuerde el dejar basura en la calle le dar\u00e1 mal aspecto a su vivienda y en \u00e9poca de lluvia ocasionar\u00e1 taponamientos.<\/li>\n<li>Si utiliza agua que sea con una tina.<\/li>\n<li>Al cocinar, h\u00e1galo con poco agua, no tire el caldo \u00faselo para sopas y guisados.<\/li>\n<li>Descongele a temperatura ambiente no use agua.<\/li>\n<\/ul>\n<p><img loading=\"lazy\" decoding=\"async\" class=\"alignnone  wp-image-1386\" src=\"http:\/\/www.adcsapem.com.ar\/wp-content\/uploads\/2020\/02\/errores-que-cometes-al-lavar-los-platos-tanto-a-mano-como-en-el-lavavajillas.jpg\" alt=\"\" width=\"576\" height=\"324\" \/><\/p>\n<p><strong>Lavander\u00eda<\/strong><\/p>\n<ul>\n<li>Utilice cargas completas en la lavadora; evite 1 \u00f3 2 prendas ya que representa gasto de agua, luz y detergentes.<\/li>\n<li>Utilice las cantidades de detergente o suavizantes que marca el fabricante, lea las instrucciones, as\u00ed ahorrar\u00e1 agua.<\/li>\n<li>Prefiera detergentes amigables con el medio ambiente.<\/li>\n<li>Si lava a mano no tire el agua del primer enjuague, le servir\u00e1 para enjuagar otra cantidad de ropa.<\/li>\n<\/ul>\n<p><img loading=\"lazy\" decoding=\"async\" class=\"alignnone size-full wp-image-1387\" src=\"http:\/\/www.adcsapem.com.ar\/wp-content\/uploads\/2020\/02\/post1_1-1.jpg\" alt=\"\" width=\"500\" height=\"348\" \/><\/p>\n<p>&nbsp;<\/p>\n<p><strong>Lavado de auto<\/strong><\/p>\n<ul>\n<li>Utilice una tina o cubeta y productos ecol\u00f3gicos, el uso de manguera repercutir\u00e1 en sus bolsillos.<\/li>\n<\/ul>\n<p><img loading=\"lazy\" decoding=\"async\" class=\"alignnone  wp-image-1388\" src=\"http:\/\/www.adcsapem.com.ar\/wp-content\/uploads\/2020\/02\/agua-para-carro.jpg\" alt=\"\" width=\"533\" height=\"355\" \/><\/p>\n<p>&nbsp;<\/p>\n<p><strong>En el trabajo<\/strong><\/p>\n<ul>\n<li>Reporte todas las fugas al departamento de mantenimiento.<\/li>\n<li>En las juntas de trabajo no sirva vasos con agua, espere a que la soliciten, ya que si no la toman, se desperdiciar\u00e1.<\/li>\n<li>Reduzca el consumo de agua embotellada de botellas de pl\u00e1stico (PET).<\/li>\n<li>Reutilice la misma botella, rellen\u00e1ndola con agua del garraf\u00f3n o de la llave, es m\u00e1s econ\u00f3mico y contaminar\u00e1 menos.<\/li>\n<\/ul>\n<p><img loading=\"lazy\" decoding=\"async\" class=\"alignnone  wp-image-1380\" src=\"http:\/\/www.adcsapem.com.ar\/wp-content\/uploads\/2020\/02\/cuidar-el-agua-pagina.jpg\" alt=\"\" width=\"593\" height=\"238\" \/><\/p>\n<p>&nbsp;<\/p>\n<p><strong>\u00bfPor qu\u00e9 es importante el cuidado del agua?<\/strong><\/p>\n<ul>\n<li>El 75% del planeta est\u00e1 cubierto por agua y la mayor\u00eda es salada, s\u00f3lo aproximadamente el 3% es agua dulce y parte de ella est\u00e1 congelada en los glaciares e icebergs.<\/li>\n<li>El agua es esencial para la supervivencia de los seres vivos y ello la convierte en un recurso muy valioso que debemos de conservar y compartir entre todos.<\/li>\n<\/ul>\n<p>&nbsp;<\/p>\n<p>Vivimos en una provincia donde el agua es escasa, pertenecemos a la regi\u00f3n semi\u00e1rida del pa\u00eds. En esta regi\u00f3n, cada uno de los valles catamarque\u00f1os se ve obligado a autoabastecerse con los recursos de agua generados en su propia cuenca de r\u00edo. Debemos tener en cuenta que el agua se busca cada vez\u00a0 a mayor profundidad, a 250 metros.<\/p>\n<p>Recordamos que frente a las\u00a0 altas temperaturas, debemos hacer un uso solidario del agua potable: dado que el agua potable se distribuye a trav\u00e9s de un sistema de ca\u00f1er\u00edas interconectadas, el abuso de este recurso por parte de un sector perjudica necesariamente a toda la red.<\/p>\n<p>&nbsp;<\/p>\n","protected":false},"excerpt":{"rendered":"<p>Cuidar el agua es responsabilidad de todos, por eso te invitamos a que atiendas las siguientes recomendaciones para un mejor uso y aprovechamiento del vital liquido. Adem\u00e1s estos consejos te pueden ser de utilidad no s\u00f3lo para el cuidado del agua, sino tambi\u00e9n del medio ambiente y la econom\u00eda familiar. &nbsp; Recomendaciones Sanitario Revisar peri\u00f3dicamente30<\/p>\n","protected":false},"author":1,"featured_media":0,"parent":0,"menu_order":0,"comment_status":"closed","ping_status":"open","template":"","meta":{"footnotes":""},"_links":{"self":[{"href":"https:\/\/www.adcsapem.com.ar\/index.php?rest_route=\/wp\/v2\/pages\/290"}],"collection":[{"href":"https:\/\/www.adcsapem.com.ar\/index.php?rest_route=\/wp\/v2\/pages"}],"about":[{"href":"https:\/\/www.adcsapem.com.ar\/index.php?rest_route=\/wp\/v2\/types\/page"}],"author":[{"embeddable":true,"href":"https:\/\/www.adcsapem.com.ar\/index.php?rest_route=\/wp\/v2\/users\/1"}],"replies":[{"embeddable":true,"href":"https:\/\/www.adcsapem.com.ar\/index.php?rest_route=%2Fwp%2Fv2%2Fcomments&post=290"}],"version-history":[{"count":8,"href":"https:\/\/www.adcsapem.com.ar\/index.php?rest_route=\/wp\/v2\/pages\/290\/revisions"}],"predecessor-version":[{"id":1389,"href":"https:\/\/www.adcsapem.com.ar\/index.php?rest_route=\/wp\/v2\/pages\/290\/revisions\/1389"}],"wp:attachment":[{"href":"https:\/\/www.adcsapem.com.ar\/index.php?rest_route=%2Fwp%2Fv2%2Fmedia&parent=290"}],"curies":[{"name":"wp","href":"https:\/\/api.w.org\/{rel}","templated":true}]}}