{"id":3526,"date":"2023-03-06T14:56:59","date_gmt":"2023-03-06T17:56:59","guid":{"rendered":"http:\/\/www.adcsapem.com.ar\/?page_id=3526"},"modified":"2023-03-08T13:12:26","modified_gmt":"2023-03-08T16:12:26","slug":"acta-de-preadjudicacion-refuncionalizacion-planta-ii-y-arreglos-estructurales-de-captacion-rio-el-tala-loc-sfv-de-catamarca","status":"publish","type":"page","link":"https:\/\/www.adcsapem.com.ar\/?page_id=3526","title":{"rendered":"ACTA DE PREADJUDICACI\u00d3N \u2013 REFUNCIONALIZACION PLANTA II Y ARREGLOS ESTRUCTURALES DE CAPTACION RIO EL TALA \u2013 LOC. SFV. DE CATAMARCA"},"content":{"rendered":"<p><em><a href=\"https:\/\/drive.google.com\/file\/d\/17Xtsn8kvm5FbaDaCbGwiiLpkMCDe_JyK\/view?usp=share_link\">descargar&gt;&gt;&gt;Acta preadjudicaci\u00f3n Refuncionalizaci\u00f3n Planta II y Arreglos Estructurales Captaci\u00f3n R\u00edo El Tala<\/a><\/em><\/p>\n","protected":false},"excerpt":{"rendered":"<p>descargar&gt;&gt;&gt;Acta preadjudicaci\u00f3n Refuncionalizaci\u00f3n Planta II y Arreglos Estructurales Captaci\u00f3n R\u00edo El Tala<\/p>\n","protected":false},"author":2,"featured_media":0,"parent":0,"menu_order":0,"comment_status":"closed","ping_status":"closed","template":"","meta":{"footnotes":""},"_links":{"self":[{"href":"https:\/\/www.adcsapem.com.ar\/index.php?rest_route=\/wp\/v2\/pages\/3526"}],"collection":[{"href":"https:\/\/www.adcsapem.com.ar\/index.php?rest_route=\/wp\/v2\/pages"}],"about":[{"href":"https:\/\/www.adcsapem.com.ar\/index.php?rest_route=\/wp\/v2\/types\/page"}],"author":[{"embeddable":true,"href":"https:\/\/www.adcsapem.com.ar\/index.php?rest_route=\/wp\/v2\/users\/2"}],"replies":[{"embeddable":true,"href":"https:\/\/www.adcsapem.com.ar\/index.php?rest_route=%2Fwp%2Fv2%2Fcomments&post=3526"}],"version-history":[{"count":5,"href":"https:\/\/www.adcsapem.com.ar\/index.php?rest_route=\/wp\/v2\/pages\/3526\/revisions"}],"predecessor-version":[{"id":3552,"href":"https:\/\/www.adcsapem.com.ar\/index.php?rest_route=\/wp\/v2\/pages\/3526\/revisions\/3552"}],"wp:attachment":[{"href":"https:\/\/www.adcsapem.com.ar\/index.php?rest_route=%2Fwp%2Fv2%2Fmedia&parent=3526"}],"curies":[{"name":"wp","href":"https:\/\/api.w.org\/{rel}","templated":true}]}}