{"id":3530,"date":"2023-03-06T14:58:26","date_gmt":"2023-03-06T17:58:26","guid":{"rendered":"http:\/\/www.adcsapem.com.ar\/?page_id=3530"},"modified":"2023-03-08T13:10:34","modified_gmt":"2023-03-08T16:10:34","slug":"acta-de-preadjudicacion-bateria-de-cisternas-volumen-total-de-2100-m3-bombeo-desde-pozo-y-acueducto","status":"publish","type":"page","link":"https:\/\/www.adcsapem.com.ar\/?page_id=3530","title":{"rendered":"ACTA DE PREADJUDICACI\u00d3N \u2013 BATERIA DE CISTERNAS VOLUMEN TOTAL DE 2100 M3 BOMBEO DESDE POZO Y ACUEDUCTO"},"content":{"rendered":"<p><em><a href=\"https:\/\/drive.google.com\/file\/d\/11d1JfuL1T0XTDP1zSArA3KZPaT6oHPZ8\/view?usp=share_link\">descargar&gt;&gt;&gt;Acta Preadjudicaci\u00f3n Bater\u00eda de Cisternas Bel\u00e9n<\/a><\/em><\/p>\n","protected":false},"excerpt":{"rendered":"<p>descargar&gt;&gt;&gt;Acta Preadjudicaci\u00f3n Bater\u00eda de Cisternas Bel\u00e9n<\/p>\n","protected":false},"author":2,"featured_media":0,"parent":0,"menu_order":0,"comment_status":"closed","ping_status":"closed","template":"","meta":{"footnotes":""},"_links":{"self":[{"href":"https:\/\/www.adcsapem.com.ar\/index.php?rest_route=\/wp\/v2\/pages\/3530"}],"collection":[{"href":"https:\/\/www.adcsapem.com.ar\/index.php?rest_route=\/wp\/v2\/pages"}],"about":[{"href":"https:\/\/www.adcsapem.com.ar\/index.php?rest_route=\/wp\/v2\/types\/page"}],"author":[{"embeddable":true,"href":"https:\/\/www.adcsapem.com.ar\/index.php?rest_route=\/wp\/v2\/users\/2"}],"replies":[{"embeddable":true,"href":"https:\/\/www.adcsapem.com.ar\/index.php?rest_route=%2Fwp%2Fv2%2Fcomments&post=3530"}],"version-history":[{"count":5,"href":"https:\/\/www.adcsapem.com.ar\/index.php?rest_route=\/wp\/v2\/pages\/3530\/revisions"}],"predecessor-version":[{"id":3551,"href":"https:\/\/www.adcsapem.com.ar\/index.php?rest_route=\/wp\/v2\/pages\/3530\/revisions\/3551"}],"wp:attachment":[{"href":"https:\/\/www.adcsapem.com.ar\/index.php?rest_route=%2Fwp%2Fv2%2Fmedia&parent=3530"}],"curies":[{"name":"wp","href":"https:\/\/api.w.org\/{rel}","templated":true}]}}