{"id":738,"date":"2016-02-26T07:00:34","date_gmt":"2016-02-26T10:00:34","guid":{"rendered":"http:\/\/www.adcsapem.com.ar\/?page_id=738"},"modified":"2016-04-21T07:45:28","modified_gmt":"2016-04-21T10:45:28","slug":"politica-de-la-calidad-2","status":"publish","type":"page","link":"https:\/\/www.adcsapem.com.ar\/?page_id=738","title":{"rendered":"Pol\u00edticas de Calidad"},"content":{"rendered":"<p>Aguas de Catamarca SAPEM, consciente que los servicios p\u00fablicos sanitarios son esenciales para el desarrollo de la comunidad, considera prioritario que \u00e9stos se desarrollen con eficacia, de manera continua, con calidad y buscando cumplir con las necesidades y expectativas de los usuarios siempre dentro del marco legal vigente.<\/p>\n<p>&nbsp;<\/p>\n<p>Por todo ello nos comprometemos a:<\/p>\n<ol>\n<li>Garantizar la calidad del agua brindada por Aguas de Catamarca SAPEM acorde a los par\u00e1metros establecidos por el contrato de concesi\u00f3n.<\/li>\n<li>Ejecutar las tareas de captaci\u00f3n, tratamiento y distribuci\u00f3n del agua en forma eficaz y segura, como as\u00ed tambi\u00e9n atendiendo a los cuidados del medio ambiente.<\/li>\n<li>Atender, direccionar y solucionar los reclamos planteados por los clientes (usuarios) de acuerdo a los tiempos estipulados y en la forma m\u00e1s eficaz posible.<\/li>\n<li>\u00a0Capacitar permanentemente a nuestros recursos humanos alentando la mejora continua de todos nuestros procesos y la eficacia del sistema de gesti\u00f3n de la calidad.<\/li>\n<\/ol>\n<p>&nbsp;<\/p>\n<p>&nbsp;<\/p>\n<p><strong>\u00a0\u00a0\u00a0\u00a0\u00a0\u00a0\u00a0\u00a0\u00a0\u00a0\u00a0\u00a0\u00a0\u00a0\u00a0\u00a0\u00a0\u00a0\u00a0\u00a0\u00a0\u00a0\u00a0\u00a0\u00a0\u00a0\u00a0\u00a0\u00a0\u00a0\u00a0\u00a0\u00a0\u00a0\u00a0\u00a0\u00a0\u00a0\u00a0\u00a0\u00a0\u00a0\u00a0\u00a0\u00a0\u00a0\u00a0\u00a0\u00a0\u00a0\u00a0\u00a0\u00a0\u00a0\u00a0\u00a0\u00a0\u00a0\u00a0\u00a0\u00a0\u00a0\u00a0\u00a0\u00a0\u00a0\u00a0\u00a0\u00a0\u00a0\u00a0\u00a0\u00a0\u00a0\u00a0\u00a0\u00a0\u00a0\u00a0\u00a0\u00a0\u00a0\u00a0\u00a0\u00a0\u00a0\u00a0\u00a0\u00a0\u00a0\u00a0\u00a0\u00a0\u00a0\u00a0\u00a0\u00a0\u00a0\u00a0\u00a0\u00a0\u00a0\u00a0\u00a0\u00a0\u00a0\u00a0\u00a0\u00a0\u00a0\u00a0\u00a0\u00a0\u00a0\u00a0\u00a0\u00a0\u00a0\u00a0\u00a0\u00a0\u00a0\u00a0\u00a0\u00a0\u00a0\u00a0\u00a0 Aprobado 06\/11\/15<\/strong><\/p>\n<p><strong>\u00a0\u00a0\u00a0\u00a0\u00a0\u00a0\u00a0\u00a0\u00a0\u00a0\u00a0\u00a0\u00a0\u00a0\u00a0\u00a0\u00a0\u00a0\u00a0\u00a0\u00a0\u00a0\u00a0\u00a0\u00a0\u00a0\u00a0\u00a0\u00a0\u00a0\u00a0\u00a0\u00a0\u00a0\u00a0\u00a0\u00a0\u00a0\u00a0\u00a0\u00a0\u00a0\u00a0\u00a0\u00a0\u00a0\u00a0\u00a0\u00a0\u00a0\u00a0\u00a0\u00a0\u00a0\u00a0\u00a0\u00a0\u00a0\u00a0\u00a0\u00a0\u00a0\u00a0\u00a0\u00a0\u00a0\u00a0\u00a0\u00a0\u00a0\u00a0\u00a0\u00a0\u00a0\u00a0\u00a0\u00a0\u00a0\u00a0\u00a0\u00a0\u00a0\u00a0\u00a0\u00a0\u00a0\u00a0\u00a0\u00a0\u00a0\u00a0\u00a0\u00a0\u00a0\u00a0\u00a0\u00a0\u00a0\u00a0\u00a0\u00a0\u00a0\u00a0\u00a0\u00a0\u00a0\u00a0\u00a0\u00a0\u00a0\u00a0\u00a0\u00a0\u00a0\u00a0\u00a0\u00a0\u00a0\u00a0\u00a0\u00a0\u00a0\u00a0\u00a0\u00a0\u00a0\u00a0\u00a0\u00a0\u00a0\u00a0\u00a0\u00a0\u00a0\u00a0\u00a0\u00a0\u00a0 Versi\u00f3n 02<\/strong><\/p>\n","protected":false},"excerpt":{"rendered":"<p>Aguas de Catamarca SAPEM, consciente que los servicios p\u00fablicos sanitarios son esenciales para el desarrollo de la comunidad, considera prioritario que \u00e9stos se desarrollen con eficacia, de manera continua, con calidad y buscando cumplir con las necesidades y expectativas de los usuarios siempre dentro del marco legal vigente. &nbsp; Por todo ello nos comprometemos a:30<\/p>\n","protected":false},"author":3,"featured_media":0,"parent":0,"menu_order":0,"comment_status":"closed","ping_status":"closed","template":"","meta":{"footnotes":""},"_links":{"self":[{"href":"https:\/\/www.adcsapem.com.ar\/index.php?rest_route=\/wp\/v2\/pages\/738"}],"collection":[{"href":"https:\/\/www.adcsapem.com.ar\/index.php?rest_route=\/wp\/v2\/pages"}],"about":[{"href":"https:\/\/www.adcsapem.com.ar\/index.php?rest_route=\/wp\/v2\/types\/page"}],"author":[{"embeddable":true,"href":"https:\/\/www.adcsapem.com.ar\/index.php?rest_route=\/wp\/v2\/users\/3"}],"replies":[{"embeddable":true,"href":"https:\/\/www.adcsapem.com.ar\/index.php?rest_route=%2Fwp%2Fv2%2Fcomments&post=738"}],"version-history":[{"count":4,"href":"https:\/\/www.adcsapem.com.ar\/index.php?rest_route=\/wp\/v2\/pages\/738\/revisions"}],"predecessor-version":[{"id":752,"href":"https:\/\/www.adcsapem.com.ar\/index.php?rest_route=\/wp\/v2\/pages\/738\/revisions\/752"}],"wp:attachment":[{"href":"https:\/\/www.adcsapem.com.ar\/index.php?rest_route=%2Fwp%2Fv2%2Fmedia&parent=738"}],"curies":[{"name":"wp","href":"https:\/\/api.w.org\/{rel}","templated":true}]}}