{"id":753,"date":"2016-02-26T14:23:06","date_gmt":"2016-02-26T17:23:06","guid":{"rendered":"http:\/\/www.adcsapem.com.ar\/?page_id=753"},"modified":"2018-05-26T11:52:35","modified_gmt":"2018-05-26T14:52:35","slug":"resolucion-en-re-no-05915-reglamento-para-la-aplicacion-de-sanciones-por-infracciones","status":"publish","type":"page","link":"https:\/\/www.adcsapem.com.ar\/?page_id=753","title":{"rendered":"RESOLUCI\u00d3N EN.RE. N\u00ba 059\/15. REGLAMENTO PARA LA APLICACI\u00d3N DE SANCIONES POR INFRACCIONES"},"content":{"rendered":"<p>RESOLUCI\u00d3N EN.RE. N\u00ba 059\/15<\/p>\n<p>REGLAMENTO PARA LA APLICACI\u00d3N DE SANCIONES POR INFRACCIONES DE USUARIOS DE LOS SERVICIOS P\u00daBLICOS DE AGUA POTABLE Y DESAG\u00dcES CLOACALES<\/p>\n<p>&nbsp;<\/p>\n<p>Click en el siguiente link para descargar.<\/p>\n<p><a href=\"http:\/\/www.adcsapem.com.ar\/wp-content\/uploads\/2016\/02\/RESOLUCION-059-15.pdf\" rel=\"\">RESOLUCION 059-15<\/a><\/p>\n","protected":false},"excerpt":{"rendered":"<p>RESOLUCI\u00d3N EN.RE. N\u00ba 059\/15 REGLAMENTO PARA LA APLICACI\u00d3N DE SANCIONES POR INFRACCIONES DE USUARIOS DE LOS SERVICIOS P\u00daBLICOS DE AGUA POTABLE Y DESAG\u00dcES CLOACALES &nbsp; Click en el siguiente link para descargar. RESOLUCION 059-15<\/p>\n","protected":false},"author":3,"featured_media":731,"parent":0,"menu_order":0,"comment_status":"closed","ping_status":"closed","template":"","meta":{"footnotes":""},"_links":{"self":[{"href":"https:\/\/www.adcsapem.com.ar\/index.php?rest_route=\/wp\/v2\/pages\/753"}],"collection":[{"href":"https:\/\/www.adcsapem.com.ar\/index.php?rest_route=\/wp\/v2\/pages"}],"about":[{"href":"https:\/\/www.adcsapem.com.ar\/index.php?rest_route=\/wp\/v2\/types\/page"}],"author":[{"embeddable":true,"href":"https:\/\/www.adcsapem.com.ar\/index.php?rest_route=\/wp\/v2\/users\/3"}],"replies":[{"embeddable":true,"href":"https:\/\/www.adcsapem.com.ar\/index.php?rest_route=%2Fwp%2Fv2%2Fcomments&post=753"}],"version-history":[{"count":4,"href":"https:\/\/www.adcsapem.com.ar\/index.php?rest_route=\/wp\/v2\/pages\/753\/revisions"}],"predecessor-version":[{"id":1190,"href":"https:\/\/www.adcsapem.com.ar\/index.php?rest_route=\/wp\/v2\/pages\/753\/revisions\/1190"}],"wp:featuredmedia":[{"embeddable":true,"href":"https:\/\/www.adcsapem.com.ar\/index.php?rest_route=\/wp\/v2\/media\/731"}],"wp:attachment":[{"href":"https:\/\/www.adcsapem.com.ar\/index.php?rest_route=%2Fwp%2Fv2%2Fmedia&parent=753"}],"curies":[{"name":"wp","href":"https:\/\/api.w.org\/{rel}","templated":true}]}}